{"id":167,"date":"2026-03-24T17:38:17","date_gmt":"2026-03-24T16:38:17","guid":{"rendered":"https:\/\/dienaba.sow.mmi-velizy.fr\/sngl_hzns\/?page_id=167"},"modified":"2026-04-24T22:58:14","modified_gmt":"2026-04-24T20:58:14","slug":"mentions-legales","status":"publish","type":"page","link":"https:\/\/dienaba.sow.mmi-velizy.fr\/sngl_hzns\/mentions-legales\/","title":{"rendered":"Mentions l\u00e9gales"},"content":{"rendered":"\n<h3 class=\"wp-block-heading\">1. \u00c9dition du site<\/h3>\n\n\n\n<p>En vertu de l&rsquo;article 6 de la loi n\u00b0 2004-575 du 21 juin 2004 pour la confiance dans l&rsquo;\u00e9conomie num\u00e9rique, il est pr\u00e9cis\u00e9 aux utilisateurs du site <strong>S\u00e9n\u00e9gal Horizons<\/strong> l&rsquo;identit\u00e9 des diff\u00e9rents intervenants dans le cadre de sa r\u00e9alisation :<\/p>\n\n\n\n<ul class=\"wp-block-list\">\n<li><strong>Propri\u00e9taire du site :<\/strong> Dienaba Sow \u2013 \u00c9tudiante en BUT M\u00e9tiers du Multim\u00e9dia et de l&rsquo;Internet (MMI).<\/li>\n\n\n\n<li><strong>Contact :<\/strong> dienabasow@wpengine.local<\/li>\n\n\n\n<li><strong>Directeur de la publication :<\/strong> Dienaba Sow<\/li>\n<\/ul>\n\n\n\n<h3 class=\"wp-block-heading\">2. H\u00e9bergement<\/h3>\n\n\n\n<p>Le site est h\u00e9berg\u00e9 dans un environnement de d\u00e9veloppement :<\/p>\n\n\n\n<ul class=\"wp-block-list\">\n<li><strong>Nom de l&rsquo;h\u00e9bergeur :<\/strong> Local WP (WP Engine)<\/li>\n\n\n\n<li><strong>Adresse :<\/strong> Serveur local de d\u00e9veloppement (Localhost)<\/li>\n<\/ul>\n\n\n\n<h3 class=\"wp-block-heading\">3. Propri\u00e9t\u00e9 intellectuelle et contrefa\u00e7ons<\/h3>\n\n\n\n<p><strong>S\u00e9n\u00e9gal Horizons<\/strong> est propri\u00e9taire des droits de propri\u00e9t\u00e9 intellectuelle ou d\u00e9tient les droits d\u2019usage sur tous les \u00e9l\u00e9ments accessibles sur le site internet (textes, images, graphismes, logos, ic\u00f4nes). Toute reproduction, repr\u00e9sentation, modification, publication, adaptation de tout ou partie des \u00e9l\u00e9ments du site, quel que soit le moyen ou le proc\u00e9d\u00e9 utilis\u00e9, est interdite, sauf autorisation \u00e9crite pr\u00e9alable.<\/p>\n\n\n\n<p><em>Note : Les images issues de Wikimedia Commons restent soumises \u00e0 leurs licences respectives (voir page <a href=\"https:\/\/dienaba.sow.mmi-velizy.fr\/sngl_hzns\/credits-photographiques-wikipedia-commons\/\" data-type=\"page\" data-id=\"661\">Cr\u00e9dits phtographiques &#8211; Wikip\u00e9dia Commons<\/a>).<\/em><\/p>\n\n\n\n<h3 class=\"wp-block-heading\">4. Limitations de responsabilit\u00e9<\/h3>\n\n\n\n<p>Ce site est un <strong>projet p\u00e9dagogique<\/strong>. En cons\u00e9quence :<\/p>\n\n\n\n<ul class=\"wp-block-list\">\n<li><strong>S\u00e9n\u00e9gal Horizons<\/strong> ne pourra \u00eatre tenu responsable des dommages directs et indirects caus\u00e9s au mat\u00e9riel de l\u2019utilisateur lors de l\u2019acc\u00e8s au site.<\/li>\n\n\n\n<li><strong>Vente en ligne :<\/strong> Les produits pr\u00e9sent\u00e9s (Paniers, Tissus, etc.) font l&rsquo;objet d&rsquo;une d\u00e9monstration technique. Aucune transaction r\u00e9elle ne peut \u00eatre effectu\u00e9e et aucune commande ne sera honor\u00e9e.<\/li>\n<\/ul>\n\n\n\n<h3 class=\"wp-block-heading\">5. Gestion des donn\u00e9es personnelles<\/h3>\n\n\n\n<p>Conform\u00e9ment aux dispositions de la loi 78-17 du 6 janvier 1978 modifi\u00e9e, l\u2019utilisateur du site <strong>S\u00e9n\u00e9gal Horizons<\/strong> dispose d\u2019un droit d\u2019acc\u00e8s, de modification et de suppression des informations collect\u00e9es. Pour l&rsquo;exercer, l&rsquo;utilisateur peut envoyer un message \u00e0 l&rsquo;adresse e-mail mentionn\u00e9e dans la section 1.<\/p>\n\n\n\n<p>Pour plus d&rsquo;informations sur la fa\u00e7on dont nous traitons vos donn\u00e9es, lisez notre <strong><a href=\"https:\/\/dienaba.sow.mmi-velizy.fr\/sngl_hzns\/politique-de-confidentialite\/\" data-type=\"page\" data-id=\"3\">Politique de Confidentialit\u00e9<\/a><\/strong>.<\/p>\n\n\n\n<p><\/p>\n","protected":false},"excerpt":{"rendered":"<p>1. \u00c9dition du site En vertu de l&rsquo;article 6 de la loi n\u00b0 2004-575 du 21 juin 2004 pour la confiance dans l&rsquo;\u00e9conomie num\u00e9rique, il est pr\u00e9cis\u00e9 aux utilisateurs du site S\u00e9n\u00e9gal Horizons l&rsquo;identit\u00e9 des diff\u00e9rents intervenants dans le cadre de sa r\u00e9alisation : 2. H\u00e9bergement Le site est h\u00e9berg\u00e9 dans un environnement de d\u00e9veloppement [&hellip;]<\/p>\n","protected":false},"author":1,"featured_media":0,"parent":0,"menu_order":0,"comment_status":"closed","ping_status":"closed","template":"","meta":{"footnotes":""},"class_list":["post-167","page","type-page","status-publish","hentry"],"_links":{"self":[{"href":"https:\/\/dienaba.sow.mmi-velizy.fr\/sngl_hzns\/wp-json\/wp\/v2\/pages\/167","targetHints":{"allow":["GET"]}}],"collection":[{"href":"https:\/\/dienaba.sow.mmi-velizy.fr\/sngl_hzns\/wp-json\/wp\/v2\/pages"}],"about":[{"href":"https:\/\/dienaba.sow.mmi-velizy.fr\/sngl_hzns\/wp-json\/wp\/v2\/types\/page"}],"author":[{"embeddable":true,"href":"https:\/\/dienaba.sow.mmi-velizy.fr\/sngl_hzns\/wp-json\/wp\/v2\/users\/1"}],"replies":[{"embeddable":true,"href":"https:\/\/dienaba.sow.mmi-velizy.fr\/sngl_hzns\/wp-json\/wp\/v2\/comments?post=167"}],"version-history":[{"count":5,"href":"https:\/\/dienaba.sow.mmi-velizy.fr\/sngl_hzns\/wp-json\/wp\/v2\/pages\/167\/revisions"}],"predecessor-version":[{"id":670,"href":"https:\/\/dienaba.sow.mmi-velizy.fr\/sngl_hzns\/wp-json\/wp\/v2\/pages\/167\/revisions\/670"}],"wp:attachment":[{"href":"https:\/\/dienaba.sow.mmi-velizy.fr\/sngl_hzns\/wp-json\/wp\/v2\/media?parent=167"}],"curies":[{"name":"wp","href":"https:\/\/api.w.org\/{rel}","templated":true}]}}