{"id":67,"date":"2026-03-24T09:35:52","date_gmt":"2026-03-24T08:35:52","guid":{"rendered":"https:\/\/dienaba.sow.mmi-velizy.fr\/sngl_hzns\/?page_id=67"},"modified":"2026-04-24T22:45:43","modified_gmt":"2026-04-24T20:45:43","slug":"contact","status":"publish","type":"page","link":"https:\/\/dienaba.sow.mmi-velizy.fr\/sngl_hzns\/contact\/","title":{"rendered":"CONTACT"},"content":{"rendered":"\n<div class=\"wp-block-group alignfull has-global-padding is-layout-constrained wp-block-group-is-layout-constrained\">\n<iframe src=\"https:\/\/www.google.com\/maps\/embed?pb=!1m18!1m12!1m3!1d239.67496456738758!2d-16.50557323391061!3d16.02395298696478!2m3!1f0!2f0!3f0!3m2!1i1024!2i768!4f13.1!3m3!1m2!1s0xe9557aa510ad7c5%3A0x3e3f25c9c2e13016!2sMaison%20d'H%C3%B4tes%20au%20Fil%20du%20Fleuve!5e0!3m2!1sfr!2sfr!4v1777060020664!5m2!1sfr!2sfr\" width=\"100%\" height=\"450\" style=\"border:0;\" allowfullscreen=\"\" loading=\"lazy\" referrerpolicy=\"no-referrer-when-downgrade\"><\/iframe>\n\n\n\n<blockquote class=\"wp-block-quote is-layout-flow wp-block-quote-is-layout-flow\">\n<p><em>15 Rue Ribet, Saint-Louis, S\u00e9n\u00e9gal<\/em><\/p>\n\n\n\n<p><em>+221 77 550 24 24<\/em><\/p>\n<\/blockquote>\n<\/div>\n\n\n\n<p><strong>S\u00e9n\u00e9gal Horizons vous accompagne 24h\/24 et 7j\/7. Nos conseillers sont disponibles en ligne \u00e0 tout moment pour pr\u00e9parer votre immersion.<\/strong><\/p>\n\n\n\n<div style=\"height:28px\" aria-hidden=\"true\" class=\"wp-block-spacer\"><\/div>\n\n\n\n<p><\/p>\n","protected":false},"excerpt":{"rendered":"<p>15 Rue Ribet, Saint-Louis, S\u00e9n\u00e9gal +221 77 550 24 24 S\u00e9n\u00e9gal Horizons vous accompagne 24h\/24 et 7j\/7. Nos conseillers sont disponibles en ligne \u00e0 tout moment pour pr\u00e9parer votre immersion.<\/p>\n","protected":false},"author":1,"featured_media":0,"parent":0,"menu_order":0,"comment_status":"closed","ping_status":"closed","template":"","meta":{"footnotes":""},"class_list":["post-67","page","type-page","status-publish","hentry"],"_links":{"self":[{"href":"https:\/\/dienaba.sow.mmi-velizy.fr\/sngl_hzns\/wp-json\/wp\/v2\/pages\/67","targetHints":{"allow":["GET"]}}],"collection":[{"href":"https:\/\/dienaba.sow.mmi-velizy.fr\/sngl_hzns\/wp-json\/wp\/v2\/pages"}],"about":[{"href":"https:\/\/dienaba.sow.mmi-velizy.fr\/sngl_hzns\/wp-json\/wp\/v2\/types\/page"}],"author":[{"embeddable":true,"href":"https:\/\/dienaba.sow.mmi-velizy.fr\/sngl_hzns\/wp-json\/wp\/v2\/users\/1"}],"replies":[{"embeddable":true,"href":"https:\/\/dienaba.sow.mmi-velizy.fr\/sngl_hzns\/wp-json\/wp\/v2\/comments?post=67"}],"version-history":[{"count":6,"href":"https:\/\/dienaba.sow.mmi-velizy.fr\/sngl_hzns\/wp-json\/wp\/v2\/pages\/67\/revisions"}],"predecessor-version":[{"id":660,"href":"https:\/\/dienaba.sow.mmi-velizy.fr\/sngl_hzns\/wp-json\/wp\/v2\/pages\/67\/revisions\/660"}],"wp:attachment":[{"href":"https:\/\/dienaba.sow.mmi-velizy.fr\/sngl_hzns\/wp-json\/wp\/v2\/media?parent=67"}],"curies":[{"name":"wp","href":"https:\/\/api.w.org\/{rel}","templated":true}]}}